{"id":17071,"date":"2020-07-10T05:09:17","date_gmt":"2020-07-10T02:09:17","guid":{"rendered":"http:\/\/demo.creativesplanet.com\/greenly\/greenly-site1\/?page_id=17071"},"modified":"2022-09-27T11:09:54","modified_gmt":"2022-09-27T08:09:54","slug":"anasayfa","status":"publish","type":"page","link":"https:\/\/www.alpresenerji.com.tr\/","title":{"rendered":"Anasayfa"},"content":{"rendered":"\t\t<div data-elementor-type=\"wp-page\" data-elementor-id=\"17071\" class=\"elementor elementor-17071\">\n\t\t\t\t\t\t\t\t\t<section class=\"elementor-section elementor-top-section elementor-element elementor-element-b0fa0bd cspt-col-stretched-none cspt-bg-color-over-image elementor-section-boxed elementor-section-height-default elementor-section-height-default\" data-id=\"b0fa0bd\" data-element_type=\"section\">\n\t\t\t\t\t\t<div class=\"elementor-container elementor-column-gap-default\">\n\t\t\t\t\t<div class=\"elementor-column elementor-col-100 elementor-top-column elementor-element elementor-element-2453bce cspt-bg-color-over-image\" data-id=\"2453bce\" data-element_type=\"column\">\n\t\t\t<div class=\"elementor-widget-wrap elementor-element-populated\">\n\t\t\t\t\t\t\t\t<section class=\"elementor-section elementor-inner-section elementor-element elementor-element-d3b0e21 cspt-col-stretched-none cspt-bg-color-over-image elementor-section-boxed elementor-section-height-default elementor-section-height-default\" data-id=\"d3b0e21\" data-element_type=\"section\">\n\t\t\t\t\t\t<div class=\"elementor-container elementor-column-gap-default\">\n\t\t\t\t\t<div class=\"elementor-column elementor-col-50 elementor-inner-column elementor-element elementor-element-d40fe72 cspt-bg-color-over-image\" data-id=\"d40fe72\" data-element_type=\"column\">\n\t\t\t<div class=\"elementor-widget-wrap elementor-element-populated\">\n\t\t\t\t\t\t\t\t<div class=\"elementor-element elementor-element-89d9d70 cspt-align-left elementor-widget elementor-widget-cspt_heading\" data-id=\"89d9d70\" data-element_type=\"widget\" data-widget_type=\"cspt_heading.default\">\n\t\t\t\t<div class=\"elementor-widget-container\">\n\t\t\t\t<div class=\"cspt-heading-subheading left-align \"><h2 class=\"cspt-element-title\">\n\t\t\t\n\t\t\t\tALPRES ENERJ\u0130\n\t\t\t\n\t\t\t<\/h2>\n\t\t<h4 class=\"cspt-element-subtitle\">\n\t\t\t\n\t\t\t\tKURUMSAL\n\t\t\t\n\t\t\t<\/h4>\n\t\t<\/div>\t\t<\/div>\n\t\t\t\t<\/div>\n\t\t\t\t<div class=\"elementor-element elementor-element-672a849 elementor-widget elementor-widget-text-editor\" data-id=\"672a849\" data-element_type=\"widget\" data-widget_type=\"text-editor.default\">\n\t\t\t\t<div class=\"elementor-widget-container\">\n\t\t\t<style>\/*! elementor - v3.6.4 - 13-04-2022 *\/\n.elementor-widget-text-editor.elementor-drop-cap-view-stacked .elementor-drop-cap{background-color:#818a91;color:#fff}.elementor-widget-text-editor.elementor-drop-cap-view-framed .elementor-drop-cap{color:#818a91;border:3px solid;background-color:transparent}.elementor-widget-text-editor:not(.elementor-drop-cap-view-default) .elementor-drop-cap{margin-top:8px}.elementor-widget-text-editor:not(.elementor-drop-cap-view-default) .elementor-drop-cap-letter{width:1em;height:1em}.elementor-widget-text-editor .elementor-drop-cap{float:left;text-align:center;line-height:1;font-size:50px}.elementor-widget-text-editor .elementor-drop-cap-letter{display:inline-block}<\/style>\t\t\t\t<p style=\"text-align: justify;\">Alpres Solar Ad\u0131yla \u00c7\u0131kt\u0131\u011f\u0131m\u0131z Bu Yolda G\u00fcne\u015f Enerji Sistemleri(Ges), R\u00fczgar Enerji Sistemleri (Res) Ba\u015fta Olmak \u00dczere M\u00fc\u015fterlerimize Do\u011fal Enerji Kaynaklar\u0131n\u0131 Kullanma Alan\u0131nda Destek Olarak Kalite Ve G\u00fcven Verme Vizyonuyla \u00c7al\u0131\u015fmaktay\u0131z.<\/p><p style=\"text-align: justify;\"><strong>Hizmetlerimiz;<\/strong><\/p><p style=\"text-align: justify;\">&#8211; \u00d6l\u00e7\u00fcm yap\u0131lacak b\u00f6lgenin ke\u015fif \u00e7al\u0131\u015fmas\u0131<\/p><p style=\"text-align: justify;\">&#8211; B\u00f6lgeye uygun malzeme ve ekipman se\u00e7imi<\/p><p style=\"text-align: justify;\">&#8211; \u00d6l\u00e7\u00fcm sisteminin kurulumu<\/p><p style=\"text-align: justify;\">&#8211; \u00d6l\u00e7\u00fcm verilerinin toplanmas\u0131<\/p><p style=\"text-align: justify;\">&#8211; \u00d6l\u00e7\u00fcm verilerinin analizi ve de\u011ferlendirilmesi<\/p>\t\t\t\t\t\t<\/div>\n\t\t\t\t<\/div>\n\t\t\t\t\t<\/div>\n\t\t<\/div>\n\t\t\t\t<div class=\"elementor-column elementor-col-50 elementor-inner-column elementor-element elementor-element-b71fd56 cspt-bg-color-over-image\" data-id=\"b71fd56\" data-element_type=\"column\">\n\t\t\t<div class=\"elementor-widget-wrap elementor-element-populated\">\n\t\t\t\t\t\t\t\t<div class=\"elementor-element elementor-element-a758d63 elementor-widget elementor-widget-image\" data-id=\"a758d63\" data-element_type=\"widget\" data-widget_type=\"image.default\">\n\t\t\t\t<div class=\"elementor-widget-container\">\n\t\t\t<style>\/*! elementor - v3.6.4 - 13-04-2022 *\/\n.elementor-widget-image{text-align:center}.elementor-widget-image a{display:inline-block}.elementor-widget-image a img[src$=\".svg\"]{width:48px}.elementor-widget-image img{vertical-align:middle;display:inline-block}<\/style>\t\t\t\t\t\t\t\t\t\t\t\t<img width=\"550\" height=\"731\" src=\"https:\/\/www.alpresenerji.com.tr\/wp-content\/uploads\/2022\/04\/solar-panels-jpg.jpg\" class=\"attachment-large size-large\" alt=\"\" loading=\"lazy\" srcset=\"https:\/\/www.alpresenerji.com.tr\/wp-content\/uploads\/2022\/04\/solar-panels-jpg.jpg 550w, https:\/\/www.alpresenerji.com.tr\/wp-content\/uploads\/2022\/04\/solar-panels-jpg-226x300.jpg 226w\" sizes=\"(max-width: 550px) 100vw, 550px\" data-id=\"18821\" \/>\t\t\t\t\t\t\t\t\t\t\t\t\t\t\t<\/div>\n\t\t\t\t<\/div>\n\t\t\t\t\t<\/div>\n\t\t<\/div>\n\t\t\t\t\t\t\t<\/div>\n\t\t<\/section>\n\t\t\t\t\t<\/div>\n\t\t<\/div>\n\t\t\t\t\t\t\t<\/div>\n\t\t<\/section>\n\t\t\t\t<section class=\"elementor-section elementor-top-section elementor-element elementor-element-84f9433 cspt-bg-color-yes cspt-elementor-bg-color-light elementor-section-stretched cspt-col-stretched-none cspt-bg-color-over-image elementor-section-boxed elementor-section-height-default elementor-section-height-default\" data-id=\"84f9433\" data-element_type=\"section\" data-settings=\"{&quot;stretch_section&quot;:&quot;section-stretched&quot;}\">\n\t\t\t\t\t\t<div class=\"elementor-container elementor-column-gap-extended\">\n\t\t\t\t\t<div class=\"elementor-column elementor-col-100 elementor-top-column elementor-element elementor-element-2761088 cspt-bg-color-over-image\" data-id=\"2761088\" data-element_type=\"column\">\n\t\t\t<div class=\"elementor-widget-wrap elementor-element-populated\">\n\t\t\t\t\t\t\t\t<div class=\"elementor-element elementor-element-5b325bf cspt-align-center elementor-widget elementor-widget-cspt_multiple_icon_heading\" data-id=\"5b325bf\" data-element_type=\"widget\" data-widget_type=\"cspt_multiple_icon_heading.default\">\n\t\t\t\t<div class=\"elementor-widget-container\">\n\t\t\t<div class=\"creativesplanet-element creativesplanet-element-blog cspt-element-blog-style-1 creativesplanet-element-viewtype-row-column\" data-show=\"3\" data-columns=\"4\" data-loop=\"false\" data-autoplay=\"false\" data-center=\"false\" data-nav=\"false\" data-dots=\"false\" data-autoplayspeed=\"1000\" data-margin=\"\"><div class=\"creativesplanet-element-inner\">\n\t\t<div class=\"cspt-ele-header-area\">\n\t\t\t\t<div class=\"cspt-heading-subheading center-align cspt-reverse-heading-yes\"><h4 class=\"cspt-element-subtitle\">\n\t\t\t\n\t\t\t\tALPRES ENERJ\u0130\n\t\t\t\n\t\t\t<\/h4>\n\t\t<h2 class=\"cspt-element-title\">\n\t\t\t\n\t\t\t\tFaaliyetlerimiz\n\t\t\t\n\t\t\t<\/h2>\n\t\t<\/div>\t\t<\/div>\n\n\t\t<div class=\"cspt-element-posts-wrapper row multi-columns-row\">\n\n\t\t<div class=\"cspt-ele cspt-blog-ele col-md-6 col-lg-3 \"><div class=\"cspt-ihbox cspt-ihbox-style-1 \">\r\n\t<div class=\"cspt-ihbox-icon\"><div class=\"cspt-ihbox-icon-wrapper\"><i class=\"cspt-greenly-icon cspt-greenly-icon-solar-panel\"><\/i><\/div><\/div>\t<div class=\"cspt-ihbox-contents\">\r\n\t\t<h2 class=\"cspt-element-title\">\n\t\t\t\t\n\t\t\t\t\tSOLAR \n\t\t\t\t\n\t\t\t\t<\/h2>\n\t\t\t\t\t\t\t<div class=\"cspt-heading-desc\">M\u00fc\u015fterlerimize Do\u011fal Enerji Kaynaklar\u0131n\u0131 Kullanma Alan\u0131nda Destek Olarak Kalite Ve G\u00fcven Verme Vizyonuyla \u00c7al\u0131\u015fmaktay\u0131z.<\/div>\t\t<div class=\"cspt-ihbox-btn\"><a href=\"#\"><span>Detayl\u0131 Bilgi<\/span><\/a><\/div>\t<\/div><!-- .cspt-ihbox-contents -->\r\n<\/div>\r\n<\/div><div class=\"cspt-ele cspt-blog-ele col-md-6 col-lg-3 \"><div class=\"cspt-ihbox cspt-ihbox-style-1 \">\r\n\t<div class=\"cspt-ihbox-icon\"><div class=\"cspt-ihbox-icon-wrapper\"><i class=\"cspt-greenly-icon cspt-greenly-icon-renewable-energy\"><\/i><\/div><\/div>\t<div class=\"cspt-ihbox-contents\">\r\n\t\t<h2 class=\"cspt-element-title\">\n\t\t\t\t\n\t\t\t\t\tENERJ\u0130 NAK\u0130L HATLARI\n\t\t\t\t\n\t\t\t\t<\/h2>\n\t\t\t\t\t\t\t<div class=\"cspt-heading-desc\">M\u00fc\u015fterlerimize Do\u011fal Enerji Kaynaklar\u0131n\u0131 Kullanma Alan\u0131nda Destek Olarak Kalite Ve G\u00fcven Verme Vizyonuyla \u00c7al\u0131\u015fmaktay\u0131z.<\/div>\t\t<div class=\"cspt-ihbox-btn\"><a href=\"#\"><span>Detayl\u0131 Bilgi<\/span><\/a><\/div>\t<\/div><!-- .cspt-ihbox-contents -->\r\n<\/div>\r\n<\/div><div class=\"cspt-ele cspt-blog-ele col-md-6 col-lg-3 \"><div class=\"cspt-ihbox cspt-ihbox-style-1 \">\r\n\t<div class=\"cspt-ihbox-icon\"><div class=\"cspt-ihbox-icon-wrapper\"><i class=\"cspt-greenly-icon cspt-greenly-icon-plug\"><\/i><\/div><\/div>\t<div class=\"cspt-ihbox-contents\">\r\n\t\t<h2 class=\"cspt-element-title\">\n\t\t\t\t\n\t\t\t\t\tELEKTR\u0130K PROJE TAAHH\u00dcT \n\t\t\t\t\n\t\t\t\t<\/h2>\n\t\t\t\t\t\t\t<div class=\"cspt-heading-desc\">M\u00fc\u015fterlerimize Do\u011fal Enerji Kaynaklar\u0131n\u0131 Kullanma Alan\u0131nda Destek Olarak Kalite Ve G\u00fcven Verme Vizyonuyla \u00c7al\u0131\u015fmaktay\u0131z.<\/div>\t\t<div class=\"cspt-ihbox-btn\"><a href=\"#\"><span>Detayl\u0131 Bilgi<\/span><\/a><\/div>\t<\/div><!-- .cspt-ihbox-contents -->\r\n<\/div>\r\n<\/div><div class=\"cspt-ele cspt-blog-ele col-md-6 col-lg-3 \"><div class=\"cspt-ihbox cspt-ihbox-style-1 \">\r\n\t<div class=\"cspt-ihbox-icon\"><div class=\"cspt-ihbox-icon-wrapper\"><i class=\"cspt-greenly-icon cspt-greenly-icon-solar-energy-1\"><\/i><\/div><\/div>\t<div class=\"cspt-ihbox-contents\">\r\n\t\t<h2 class=\"cspt-element-title\">\n\t\t\t\t\n\t\t\t\t\tMETEOROLOJ\u0130K \u00d6L\u00c7\u00dcM S\u0130STEMLER\u0130 \n\t\t\t\t\n\t\t\t\t<\/h2>\n\t\t\t\t\t\t\t<div class=\"cspt-heading-desc\">M\u00fc\u015fterlerimize Do\u011fal Enerji Kaynaklar\u0131n\u0131 Kullanma Alan\u0131nda Destek Olarak Kalite Ve G\u00fcven Verme Vizyonuyla \u00c7al\u0131\u015fmaktay\u0131z.<\/div>\t\t<div class=\"cspt-ihbox-btn\"><a href=\"#\"><span>Detayl\u0131 Bilgi<\/span><\/a><\/div>\t<\/div><!-- .cspt-ihbox-contents -->\r\n<\/div>\r\n<\/div>\n\t\t<\/div>\n\n\t\t<\/div><!-- .creativesplanet-element-inner -->   <\/div><!-- .creativesplanet-element -->  \t\t<\/div>\n\t\t\t\t<\/div>\n\t\t\t\t\t<\/div>\n\t\t<\/div>\n\t\t\t\t\t\t\t<\/div>\n\t\t<\/section>\n\t\t\t\t<section class=\"elementor-section elementor-top-section elementor-element elementor-element-c8e21f4 cspt-col-stretched-left elementor-section-content-middle elementor-section-stretched cspt-left-col-stretched-content-yes elementor-section-full_width cspt-bg-color-over-image elementor-section-height-default elementor-section-height-default\" data-id=\"c8e21f4\" data-element_type=\"section\" data-settings=\"{&quot;stretch_section&quot;:&quot;section-stretched&quot;}\">\n\t\t\t\t\t\t<div class=\"elementor-container elementor-column-gap-default\">\n\t\t\t\t\t<div class=\"elementor-column elementor-col-50 elementor-top-column elementor-element elementor-element-c1fa60d elementor-hidden-tablet elementor-hidden-phone cspt-bg-color-over-image\" data-id=\"c1fa60d\" data-element_type=\"column\" data-settings=\"{&quot;background_background&quot;:&quot;classic&quot;}\">\n\t\t\t<div class=\"elementor-widget-wrap\">\n\t\t\t\t\t\t\t\t\t<\/div>\n\t\t<\/div>\n\t\t\t\t<div class=\"elementor-column elementor-col-50 elementor-top-column elementor-element elementor-element-7d9b154 cspt-bg-color-over-image\" data-id=\"7d9b154\" data-element_type=\"column\" data-settings=\"{&quot;background_background&quot;:&quot;classic&quot;}\">\n\t\t\t<div class=\"elementor-widget-wrap elementor-element-populated\">\n\t\t\t\t\t\t\t\t<div class=\"elementor-element elementor-element-472fb1c cspt-align-left elementor-widget elementor-widget-cspt_heading\" data-id=\"472fb1c\" data-element_type=\"widget\" data-widget_type=\"cspt_heading.default\">\n\t\t\t\t<div class=\"elementor-widget-container\">\n\t\t\t\t<div class=\"cspt-heading-subheading left-align cspt-reverse-heading-yes\"><h4 class=\"cspt-element-subtitle\">\n\t\t\t\n\t\t\t\tB\u0130Z K\u0130M\u0130Z\n\t\t\t\n\t\t\t<\/h4>\n\t\t<h2 class=\"cspt-element-title\">\n\t\t\t\n\t\t\t\t\u015eirketimiz At\u0131ks\u0131z Bir D\u00fcnya G\u00f6r\u00fcyor\n\t\t\t\n\t\t\t<\/h2>\n\t\t<div class=\"cspt-heading-desc\">Uzun y\u0131llard\u0131r her ne sebeple olursa olsun ormanlar\u0131 yok ediyoruz. Ci\u011ferlerimiz gibi \u00e7al\u0131\u015fan ormanlar\u0131n bir okuyucu oldu\u011fu uzun zamand\u0131r bilinen bir ger\u00e7ektir.<\/div><\/div>\t\t<\/div>\n\t\t\t\t<\/div>\n\t\t\t\t\t<\/div>\n\t\t<\/div>\n\t\t\t\t\t\t\t<\/div>\n\t\t<\/section>\n\t\t\t\t<section class=\"elementor-section elementor-top-section elementor-element elementor-element-a2f3d07 elementor-section-stretched cspt-col-stretched-none cspt-bg-color-over-image elementor-section-boxed elementor-section-height-default elementor-section-height-default\" data-id=\"a2f3d07\" data-element_type=\"section\" data-settings=\"{&quot;stretch_section&quot;:&quot;section-stretched&quot;}\">\n\t\t\t\t\t\t\t<div class=\"elementor-background-overlay\"><\/div>\n\t\t\t\t\t\t\t<div class=\"elementor-container elementor-column-gap-default\">\n\t\t\t\t\t<div class=\"elementor-column elementor-col-33 elementor-top-column elementor-element elementor-element-be16c97 cspt-bg-color-over-image\" data-id=\"be16c97\" data-element_type=\"column\">\n\t\t\t<div class=\"elementor-widget-wrap elementor-element-populated\">\n\t\t\t\t\t\t\t\t<div class=\"elementor-element elementor-element-babe79f cspt-align-left elementor-widget elementor-widget-cspt_heading\" data-id=\"babe79f\" data-element_type=\"widget\" data-widget_type=\"cspt_heading.default\">\n\t\t\t\t<div class=\"elementor-widget-container\">\n\t\t\t\t<div class=\"cspt-heading-subheading left-align cspt-reverse-heading-yes\"><h4 class=\"cspt-element-subtitle\">\n\t\t\t\n\t\t\t\tALPRES\n\t\t\t\n\t\t\t<\/h4>\n\t\t<h4 class=\"cspt-element-title\">\n\t\t\t\n\t\t\t\tDo\u011fal Enerji Kaynaklar\u0131n\u0131 Kullanma Alan\u0131nda Destek Olarak Kalite Ve G\u00fcven Verme Vizyonuyla \u00c7al\u0131\u015fmaktay\u0131z.\n\t\t\t\n\t\t\t<\/h4>\n\t\t<\/div>\t\t<\/div>\n\t\t\t\t<\/div>\n\t\t\t\t\t<\/div>\n\t\t<\/div>\n\t\t\t\t<div class=\"elementor-column elementor-col-66 elementor-top-column elementor-element elementor-element-aecc534 cspt-bg-color-over-image\" data-id=\"aecc534\" data-element_type=\"column\">\n\t\t\t<div class=\"elementor-widget-wrap elementor-element-populated\">\n\t\t\t\t\t\t\t\t<section class=\"elementor-section elementor-inner-section elementor-element elementor-element-60f0dfc cspt-col-stretched-none cspt-bg-color-over-image elementor-section-boxed elementor-section-height-default elementor-section-height-default\" data-id=\"60f0dfc\" data-element_type=\"section\">\n\t\t\t\t\t\t<div class=\"elementor-container elementor-column-gap-default\">\n\t\t\t\t\t<div class=\"elementor-column elementor-col-33 elementor-inner-column elementor-element elementor-element-5262dc1 cspt-bg-color-over-image\" data-id=\"5262dc1\" data-element_type=\"column\">\n\t\t\t<div class=\"elementor-widget-wrap elementor-element-populated\">\n\t\t\t\t\t\t\t\t<div class=\"elementor-element elementor-element-1efc745 cspt-fid-big elementor-widget elementor-widget-cspt_fid_element\" data-id=\"1efc745\" data-element_type=\"widget\" data-widget_type=\"cspt_fid_element.default\">\n\t\t\t\t<div class=\"elementor-widget-container\">\n\t\t\t<div class=\"creativesplanet-ele creativesplanet-ele-fid creativesplanet-ele-fid-style-1 \"><div class=\"cspt-fld-contents\">\r\n\t<div class=\"cspt-sbox-icon-wrapper\"><i class=\"fas fa-star\"><\/i><\/div>\t<h4 class=\"cspt-fid-inner\">\r\n\t\t\t\t<span class=\"cspt-number-rotate\" data-appear-animation=\"animateDigits\" data-from=\"0\" data-to=\"1035\" data-interval=\"5\" data-before=\"\" data-before-style=\"\" data-after=\"\" data-after-style=\"\">\r\n\t\t\t\t1035\t\t<\/span>\r\n\t\t<span class=\"cspt-fid-sub\"><\/span>\r\n\t<\/h4>\r\n\t<\/div><!-- .cspt-fld-contents -->\r\n\r\n<\/div>\t\t<\/div>\n\t\t\t\t<\/div>\n\t\t\t\t\t<\/div>\n\t\t<\/div>\n\t\t\t\t<div class=\"elementor-column elementor-col-66 elementor-inner-column elementor-element elementor-element-f89e036 cspt-bg-color-over-image\" data-id=\"f89e036\" data-element_type=\"column\">\n\t\t\t<div class=\"elementor-widget-wrap elementor-element-populated\">\n\t\t\t\t\t\t\t\t<div class=\"elementor-element elementor-element-e9bb681 elementor-widget elementor-widget-heading\" data-id=\"e9bb681\" data-element_type=\"widget\" data-widget_type=\"heading.default\">\n\t\t\t\t<div class=\"elementor-widget-container\">\n\t\t\t<style>\/*! elementor - v3.6.4 - 13-04-2022 *\/\n.elementor-heading-title{padding:0;margin:0;line-height:1}.elementor-widget-heading .elementor-heading-title[class*=elementor-size-]>a{color:inherit;font-size:inherit;line-height:inherit}.elementor-widget-heading .elementor-heading-title.elementor-size-small{font-size:15px}.elementor-widget-heading .elementor-heading-title.elementor-size-medium{font-size:19px}.elementor-widget-heading .elementor-heading-title.elementor-size-large{font-size:29px}.elementor-widget-heading .elementor-heading-title.elementor-size-xl{font-size:39px}.elementor-widget-heading .elementor-heading-title.elementor-size-xxl{font-size:59px}<\/style><h4 class=\"elementor-heading-title elementor-size-default\">Ba\u015far\u0131l\u0131 projele<\/h4>\t\t<\/div>\n\t\t\t\t<\/div>\n\t\t\t\t<div class=\"elementor-element elementor-element-342d984 elementor-widget elementor-widget-text-editor\" data-id=\"342d984\" data-element_type=\"widget\" data-widget_type=\"text-editor.default\">\n\t\t\t\t<div class=\"elementor-widget-container\">\n\t\t\t\t\t\t\t<p>End\u00fcstri m\u00fchendisli\u011fi, optimizasyon ile ilgilenen bir m\u00fchendislik dal\u0131d\u0131r.<\/p>\t\t\t\t\t\t<\/div>\n\t\t\t\t<\/div>\n\t\t\t\t\t<\/div>\n\t\t<\/div>\n\t\t\t\t\t\t\t<\/div>\n\t\t<\/section>\n\t\t\t\t<section class=\"elementor-section elementor-inner-section elementor-element elementor-element-726dda3 cspt-col-stretched-none cspt-bg-color-over-image elementor-section-boxed elementor-section-height-default elementor-section-height-default\" data-id=\"726dda3\" data-element_type=\"section\">\n\t\t\t\t\t\t<div class=\"elementor-container elementor-column-gap-default\">\n\t\t\t\t\t<div class=\"elementor-column elementor-col-33 elementor-inner-column elementor-element elementor-element-f383e2b cspt-bg-color-over-image\" data-id=\"f383e2b\" data-element_type=\"column\">\n\t\t\t<div class=\"elementor-widget-wrap elementor-element-populated\">\n\t\t\t\t\t\t\t\t<div class=\"elementor-element elementor-element-5ada93b cspt-fid-big elementor-widget elementor-widget-cspt_fid_element\" data-id=\"5ada93b\" data-element_type=\"widget\" data-widget_type=\"cspt_fid_element.default\">\n\t\t\t\t<div class=\"elementor-widget-container\">\n\t\t\t<div class=\"creativesplanet-ele creativesplanet-ele-fid creativesplanet-ele-fid-style-1 \"><div class=\"cspt-fld-contents\">\r\n\t<div class=\"cspt-sbox-icon-wrapper\"><i class=\"fas fa-star\"><\/i><\/div>\t<h4 class=\"cspt-fid-inner\">\r\n\t\t\t\t<span class=\"cspt-number-rotate\" data-appear-animation=\"animateDigits\" data-from=\"0\" data-to=\"2034\" data-interval=\"5\" data-before=\"\" data-before-style=\"\" data-after=\"\" data-after-style=\"\">\r\n\t\t\t\t2034\t\t<\/span>\r\n\t\t<span class=\"cspt-fid-sub\"><\/span>\r\n\t<\/h4>\r\n\t<\/div><!-- .cspt-fld-contents -->\r\n\r\n<\/div>\t\t<\/div>\n\t\t\t\t<\/div>\n\t\t\t\t\t<\/div>\n\t\t<\/div>\n\t\t\t\t<div class=\"elementor-column elementor-col-66 elementor-inner-column elementor-element elementor-element-e34f2a9 cspt-bg-color-over-image\" data-id=\"e34f2a9\" data-element_type=\"column\">\n\t\t\t<div class=\"elementor-widget-wrap elementor-element-populated\">\n\t\t\t\t\t\t\t\t<div class=\"elementor-element elementor-element-9a67d04 elementor-widget elementor-widget-heading\" data-id=\"9a67d04\" data-element_type=\"widget\" data-widget_type=\"heading.default\">\n\t\t\t\t<div class=\"elementor-widget-container\">\n\t\t\t<h4 class=\"elementor-heading-title elementor-size-default\">Benzersiz tasar\u0131mlar<\/h4>\t\t<\/div>\n\t\t\t\t<\/div>\n\t\t\t\t<div class=\"elementor-element elementor-element-34681e9 elementor-widget elementor-widget-text-editor\" data-id=\"34681e9\" data-element_type=\"widget\" data-widget_type=\"text-editor.default\">\n\t\t\t\t<div class=\"elementor-widget-container\">\n\t\t\t\t\t\t\t<p>End\u00fcstri m\u00fchendisli\u011fi, optimizasyon ile ilgilenen bir m\u00fchendislik dal\u0131d\u0131r.<\/p>\t\t\t\t\t\t<\/div>\n\t\t\t\t<\/div>\n\t\t\t\t\t<\/div>\n\t\t<\/div>\n\t\t\t\t\t\t\t<\/div>\n\t\t<\/section>\n\t\t\t\t\t<\/div>\n\t\t<\/div>\n\t\t\t\t\t\t\t<\/div>\n\t\t<\/section>\n\t\t\t\t\t\t\t<\/div>\n\t\t","protected":false},"excerpt":{"rendered":"<p>ALPRES ENERJ\u0130 KURUMSAL Alpres Solar Ad\u0131yla \u00c7\u0131kt\u0131\u011f\u0131m\u0131z Bu Yolda G\u00fcne\u015f Enerji Sistemleri(Ges), R\u00fczgar Enerji Sistemleri (Res) Ba\u015fta Olmak \u00dczere M\u00fc\u015fterlerimize Do\u011fal Enerji Kaynaklar\u0131n\u0131 Kullanma Alan\u0131nda Destek Olarak Kalite Ve G\u00fcven Verme Vizyonuyla \u00c7al\u0131\u015fmaktay\u0131z. Hizmetlerimiz; &#8211; \u00d6l\u00e7\u00fcm yap\u0131lacak b\u00f6lgenin ke\u015fif \u00e7al\u0131\u015fmas\u0131 &#8211; B\u00f6lgeye uygun malzeme ve ekipman se\u00e7imi &#8211; \u00d6l\u00e7\u00fcm sisteminin kurulumu &#8211; \u00d6l\u00e7\u00fcm verilerinin toplanmas\u0131 [&hellip;]<\/p>\n","protected":false},"author":1,"featured_media":0,"parent":0,"menu_order":1,"comment_status":"closed","ping_status":"closed","template":"","meta":[],"acf":[],"_links":{"self":[{"href":"https:\/\/www.alpresenerji.com.tr\/index.php?rest_route=\/wp\/v2\/pages\/17071"}],"collection":[{"href":"https:\/\/www.alpresenerji.com.tr\/index.php?rest_route=\/wp\/v2\/pages"}],"about":[{"href":"https:\/\/www.alpresenerji.com.tr\/index.php?rest_route=\/wp\/v2\/types\/page"}],"author":[{"embeddable":true,"href":"https:\/\/www.alpresenerji.com.tr\/index.php?rest_route=\/wp\/v2\/users\/1"}],"replies":[{"embeddable":true,"href":"https:\/\/www.alpresenerji.com.tr\/index.php?rest_route=%2Fwp%2Fv2%2Fcomments&post=17071"}],"version-history":[{"count":34,"href":"https:\/\/www.alpresenerji.com.tr\/index.php?rest_route=\/wp\/v2\/pages\/17071\/revisions"}],"predecessor-version":[{"id":18883,"href":"https:\/\/www.alpresenerji.com.tr\/index.php?rest_route=\/wp\/v2\/pages\/17071\/revisions\/18883"}],"wp:attachment":[{"href":"https:\/\/www.alpresenerji.com.tr\/index.php?rest_route=%2Fwp%2Fv2%2Fmedia&parent=17071"}],"curies":[{"name":"wp","href":"https:\/\/api.w.org\/{rel}","templated":true}]}}